{"id":86,"date":"2019-09-29T10:02:11","date_gmt":"2019-09-29T10:02:11","guid":{"rendered":"http:\/\/strandhaus-krabbe.de\/?page_id=86"},"modified":"2020-01-19T20:25:21","modified_gmt":"2020-01-19T20:25:21","slug":"herzlich-willkommen","status":"publish","type":"page","link":"https:\/\/strandhaus-krabbe.de\/","title":{"rendered":"Startseite"},"content":{"rendered":"\n<p><strong>Herzlich Willkommen! <\/strong><\/p>\n\n\n\n<p>Sch\u00f6n, dass Sie uns gefunden haben!<\/p>\n\n\n\n<p>Mit dem Strandhaus Krabbe haben wir uns unseren langgehegten\nWunsch erf\u00fcllt:<\/p>\n\n\n\n<p><strong>Ein zweites Zuhause\nan der Ostsee!<\/strong><\/p>\n\n\n\n<p>Was bedeutet das f\u00fcr Sie?<\/p>\n\n\n\n<p>Sie mieten kein lebloses, anonymes Ferienhaus, eines wie es viele andere gibt. Unser Ferienhaus wurde mit viel Liebe zum Detail eingerichtet. Es wird von uns gehegt und gepflegt. Wir wollen, dass Sie sich darin genauso wohl f\u00fchlen wie wir. Also seien Sie unser Gast.<\/p>\n","protected":false},"excerpt":{"rendered":"<p>Herzlich Willkommen! Sch\u00f6n, dass Sie uns gefunden haben! Mit dem Strandhaus Krabbe haben wir uns unseren langgehegten Wunsch erf\u00fcllt: Ein zweites Zuhause an der Ostsee! Was bedeutet das f\u00fcr Sie? Sie mieten kein lebloses, anonymes Ferienhaus, eines wie es viele andere gibt. Unser Ferienhaus wurde mit viel Liebe zum Detail eingerichtet. Es wird von uns [&hellip;]<\/p>\n","protected":false},"author":1,"featured_media":0,"parent":0,"menu_order":0,"comment_status":"closed","ping_status":"closed","template":"","meta":{"ngg_post_thumbnail":0,"footnotes":""},"class_list":["post-86","page","type-page","status-publish","hentry"],"aioseo_notices":[],"_links":{"self":[{"href":"https:\/\/strandhaus-krabbe.de\/index.php?rest_route=\/wp\/v2\/pages\/86","targetHints":{"allow":["GET"]}}],"collection":[{"href":"https:\/\/strandhaus-krabbe.de\/index.php?rest_route=\/wp\/v2\/pages"}],"about":[{"href":"https:\/\/strandhaus-krabbe.de\/index.php?rest_route=\/wp\/v2\/types\/page"}],"author":[{"embeddable":true,"href":"https:\/\/strandhaus-krabbe.de\/index.php?rest_route=\/wp\/v2\/users\/1"}],"replies":[{"embeddable":true,"href":"https:\/\/strandhaus-krabbe.de\/index.php?rest_route=%2Fwp%2Fv2%2Fcomments&post=86"}],"version-history":[{"count":4,"href":"https:\/\/strandhaus-krabbe.de\/index.php?rest_route=\/wp\/v2\/pages\/86\/revisions"}],"predecessor-version":[{"id":289,"href":"https:\/\/strandhaus-krabbe.de\/index.php?rest_route=\/wp\/v2\/pages\/86\/revisions\/289"}],"wp:attachment":[{"href":"https:\/\/strandhaus-krabbe.de\/index.php?rest_route=%2Fwp%2Fv2%2Fmedia&parent=86"}],"curies":[{"name":"wp","href":"https:\/\/api.w.org\/{rel}","templated":true}]}}